{"id":16952,"date":"2020-11-17T13:38:45","date_gmt":"2020-11-17T18:38:45","guid":{"rendered":"https:\/\/tourismebromont.com\/?page_id=16952"},"modified":"2020-11-19T07:43:51","modified_gmt":"2020-11-19T12:43:51","slug":"submit-your-gift-idea","status":"publish","type":"page","link":"https:\/\/tourismebromont.com\/en\/submit-your-gift-idea\/","title":{"rendered":"Submit your gift idea!"},"content":{"rendered":"<script type=\"text\/javascript\">var gform;gform||(document.addEventListener(\"gform_main_scripts_loaded\",function(){gform.scriptsLoaded=!0}),window.addEventListener(\"DOMContentLoaded\",function(){gform.domLoaded=!0}),gform={domLoaded:!1,scriptsLoaded:!1,initializeOnLoaded:function(o){gform.domLoaded&&gform.scriptsLoaded?o():!gform.domLoaded&&gform.scriptsLoaded?window.addEventListener(\"DOMContentLoaded\",o):document.addEventListener(\"gform_main_scripts_loaded\",o)},hooks:{action:{},filter:{}},addAction:function(o,n,r,t){gform.addHook(\"action\",o,n,r,t)},addFilter:function(o,n,r,t){gform.addHook(\"filter\",o,n,r,t)},doAction:function(o){gform.doHook(\"action\",o,arguments)},applyFilters:function(o){return gform.doHook(\"filter\",o,arguments)},removeAction:function(o,n){gform.removeHook(\"action\",o,n)},removeFilter:function(o,n,r){gform.removeHook(\"filter\",o,n,r)},addHook:function(o,n,r,t,i){null==gform.hooks[o][n]&&(gform.hooks[o][n]=[]);var e=gform.hooks[o][n];null==i&&(i=n+\"_\"+e.length),gform.hooks[o][n].push({tag:i,callable:r,priority:t=null==t?10:t})},doHook:function(n,o,r){var t;if(r=Array.prototype.slice.call(r,1),null!=gform.hooks[n][o]&&((o=gform.hooks[n][o]).sort(function(o,n){return o.priority-n.priority}),o.forEach(function(o){\"function\"!=typeof(t=o.callable)&&(t=window[t]),\"action\"==n?t.apply(null,r):r[0]=t.apply(null,r)})),\"filter\"==n)return r[0]},removeHook:function(o,n,t,i){var r;null!=gform.hooks[o][n]&&(r=(r=gform.hooks[o][n]).filter(function(o,n,r){return!!(null!=i&&i!=o.tag||null!=t&&t!=o.priority)}),gform.hooks[o][n]=r)}});<\/script>\n                <div class='gf_browser_gecko gform_wrapper gform_legacy_markup_wrapper gform-theme--no-framework form-festif_wrapper' data-form-theme='legacy' data-form-index='0' id='gform_wrapper_21' >\n                        <div class='gform_heading'>\n                            <h3 class=\"gform_title\">Submit your gift idea!<\/h3>\n                            <p class='gform_description'><\/p>\n                        <\/div><form method='post' enctype='multipart\/form-data'  id='gform_21' class='form-festif' action='\/en\/wp-json\/wp\/v2\/pages\/16952' data-formid='21' novalidate>\n                        <div class='gform-body gform_body'><ul id='gform_fields_21' class='gform_fields top_label form_sublabel_below description_below validation_below'><li id=\"field_21_3\" class=\"gfield gfield--type-text gfield_contains_required field_sublabel_below gfield--no-description field_description_below field_validation_below gfield_visibility_visible\"  data-js-reload=\"field_21_3\" ><label class='gfield_label gform-field-label' for='input_21_3'>Name of the gift idea<span class=\"gfield_required\"><span class=\"gfield_required gfield_required_asterisk\">*<\/span><\/span><\/label><div class='ginput_container ginput_container_text'><input name='input_3' id='input_21_3' type='text' value='' class='medium'     aria-required=\"true\" aria-invalid=\"false\"   \/> <\/div><\/li><li id=\"field_21_15\" class=\"gfield gfield--type-textarea gift-idea-short-description field_sublabel_below gfield--has-description field_description_above field_validation_below gfield_visibility_visible\"  data-js-reload=\"field_21_15\" ><label class='gfield_label gform-field-label' for='input_21_15'>Short description<\/label><div class='gfield_description' id='gfield_description_21_15'>Max 100 characters<\/div><div class='ginput_container ginput_container_textarea'><textarea name='input_15' id='input_21_15' class='textarea small'  aria-describedby=\"gfield_description_21_15\" maxlength='100'   aria-invalid=\"false\"   rows='10' cols='50'><\/textarea><\/div><\/li><li id=\"field_21_6\" class=\"gfield gfield--type-text gfield_contains_required field_sublabel_below gfield--no-description field_description_below field_validation_below gfield_visibility_visible\"  data-js-reload=\"field_21_6\" ><label class='gfield_label gform-field-label' for='input_21_6'>Name of the shop<span class=\"gfield_required\"><span class=\"gfield_required gfield_required_asterisk\">*<\/span><\/span><\/label><div class='ginput_container ginput_container_text'><input name='input_6' id='input_21_6' type='text' value='' class='medium'     aria-required=\"true\" aria-invalid=\"false\"   \/> <\/div><\/li><li id=\"field_21_14\" class=\"gfield gfield--type-number gfield_contains_required field_sublabel_below gfield--has-description field_description_above field_validation_below gfield_visibility_visible\"  data-js-reload=\"field_21_14\" ><label class='gfield_label gform-field-label' for='input_21_14'>Product value<span class=\"gfield_required\"><span class=\"gfield_required gfield_required_asterisk\">*<\/span><\/span><\/label><div class='gfield_description' id='gfield_description_21_14'>Note : Please enter a whole price (ex. $80)<br>\nValue must be between 25 and 100$<\/div><div class='ginput_container ginput_container_number'><input name='input_14' id='input_21_14' type='text' step='any' min='25' max='100' value='' class='medium'     aria-required=\"true\" aria-invalid=\"false\" aria-describedby=\"gfield_instruction_21_14 gfield_description_21_14\" \/><\/div><\/li><li id=\"field_21_5\" class=\"gfield gfield--type-fileupload gfield_contains_required field_sublabel_below gfield--has-description field_description_above field_validation_below gfield_visibility_visible\"  data-js-reload=\"field_21_5\" ><label class='gfield_label gform-field-label' for='input_21_5'>Picture of the gift idea<span class=\"gfield_required\"><span class=\"gfield_required gfield_required_asterisk\">*<\/span><\/span><\/label><div class='gfield_description' id='gfield_description_21_5'>Note: File names must not contain accents or special caracters.\nMaximum file size : 2MB<\/div><div class='ginput_container ginput_container_fileupload'><input type='hidden' name='MAX_FILE_SIZE' value='268435456' \/><input name='input_5' id='input_21_5' type='file' class='medium' aria-describedby=\"gfield_upload_rules_21_5 gfield_description_21_5\" onchange='javascript:gformValidateFileSize( this, 268435456 );'  \/><span class='gfield_description gform_fileupload_rules' id='gfield_upload_rules_21_5'>Accepted file types: jpg, gif, png, bmp, Max. file size: 256 MB.<\/span><div class='gfield_description validation_message gfield_validation_message validation_message--hidden-on-empty' id='live_validation_message_21_5'><\/div><\/div><\/li><\/ul><\/div>\n        <div class='gform_footer top_label'> <input type='submit' id='gform_submit_button_21' class='gform_button button' value='Submit'  onclick='if(window[\"gf_submitting_21\"]){return false;}  if( !jQuery(\"#gform_21\")[0].checkValidity || jQuery(\"#gform_21\")[0].checkValidity()){window[\"gf_submitting_21\"]=true;}  ' onkeypress='if( event.keyCode == 13 ){ if(window[\"gf_submitting_21\"]){return false;} if( !jQuery(\"#gform_21\")[0].checkValidity || jQuery(\"#gform_21\")[0].checkValidity()){window[\"gf_submitting_21\"]=true;}  jQuery(\"#gform_21\").trigger(\"submit\",[true]); }' \/> \n            <input type='hidden' class='gform_hidden' name='is_submit_21' value='1' \/>\n            <input type='hidden' class='gform_hidden' name='gform_submit' value='21' \/>\n            \n            <input type='hidden' class='gform_hidden' name='gform_unique_id' value='' \/>\n            <input type='hidden' class='gform_hidden' name='state_21' value='WyJbXSIsImRlMGI5ZGJkZGZkNWMzYzBiZjNjZGNkM2I3MzUwMmQ3Il0=' \/>\n            <input type='hidden' class='gform_hidden' name='gform_target_page_number_21' id='gform_target_page_number_21' value='0' \/>\n            <input type='hidden' class='gform_hidden' name='gform_source_page_number_21' id='gform_source_page_number_21' value='1' \/>\n            <input type='hidden' name='gform_field_values' value='' \/>\n            \n        <\/div>\n                        <\/form>\n                        <\/div><script type=\"text\/javascript\">\n\/* <![CDATA[ *\/\n gform.initializeOnLoaded( function() {gformInitSpinner( 21, 'https:\/\/tourismebromont.com\/wp-content\/plugins\/gravityforms\/images\/spinner.svg', true );jQuery('#gform_ajax_frame_21').on('load',function(){var contents = jQuery(this).contents().find('*').html();var is_postback = contents.indexOf('GF_AJAX_POSTBACK') >= 0;if(!is_postback){return;}var form_content = jQuery(this).contents().find('#gform_wrapper_21');var is_confirmation = jQuery(this).contents().find('#gform_confirmation_wrapper_21').length > 0;var is_redirect = contents.indexOf('gformRedirect(){') >= 0;var is_form = form_content.length > 0 && ! is_redirect && ! is_confirmation;var mt = parseInt(jQuery('html').css('margin-top'), 10) + parseInt(jQuery('body').css('margin-top'), 10) + 100;if(is_form){jQuery('#gform_wrapper_21').html(form_content.html());if(form_content.hasClass('gform_validation_error')){jQuery('#gform_wrapper_21').addClass('gform_validation_error');} else {jQuery('#gform_wrapper_21').removeClass('gform_validation_error');}setTimeout( function() { \/* delay the scroll by 50 milliseconds to fix a bug in chrome *\/  }, 50 );if(window['gformInitDatepicker']) {gformInitDatepicker();}if(window['gformInitPriceFields']) {gformInitPriceFields();}var current_page = jQuery('#gform_source_page_number_21').val();gformInitSpinner( 21, 'https:\/\/tourismebromont.com\/wp-content\/plugins\/gravityforms\/images\/spinner.svg', true );jQuery(document).trigger('gform_page_loaded', [21, current_page]);window['gf_submitting_21'] = false;}else if(!is_redirect){var confirmation_content = jQuery(this).contents().find('.GF_AJAX_POSTBACK').html();if(!confirmation_content){confirmation_content = contents;}jQuery('#gform_wrapper_21').replaceWith(confirmation_content);jQuery(document).trigger('gform_confirmation_loaded', [21]);window['gf_submitting_21'] = false;wp.a11y.speak(jQuery('#gform_confirmation_message_21').text());}else{jQuery('#gform_21').append(contents);if(window['gformRedirect']) {gformRedirect();}}jQuery(document).trigger(\"gform_pre_post_render\", [{ formId: \"21\", currentPage: \"current_page\", abort: function() { this.preventDefault(); } }]);                if (event && event.defaultPrevented) {                return;         }        const gformWrapperDiv = document.getElementById( \"gform_wrapper_21\" );        if ( gformWrapperDiv ) {            const visibilitySpan = document.createElement( \"span\" );            visibilitySpan.id = \"gform_visibility_test_21\";            gformWrapperDiv.insertAdjacentElement( \"afterend\", visibilitySpan );        }        const visibilityTestDiv = document.getElementById( \"gform_visibility_test_21\" );        let postRenderFired = false;                function triggerPostRender() {            if ( postRenderFired ) {                return;            }            postRenderFired = true;            jQuery( document ).trigger( 'gform_post_render', [21, current_page] );            gform.utils.trigger( { event: 'gform\/postRender', native: false, data: { formId: 21, currentPage: current_page } } );            if ( visibilityTestDiv ) {                visibilityTestDiv.parentNode.removeChild( visibilityTestDiv );            }        }        function debounce( func, wait, immediate ) {            var timeout;            return function() {                var context = this, args = arguments;                var later = function() {                    timeout = null;                    if ( !immediate ) func.apply( context, args );                };                var callNow = immediate && !timeout;                clearTimeout( timeout );                timeout = setTimeout( later, wait );                if ( callNow ) func.apply( context, args );            };        }        const debouncedTriggerPostRender = debounce( function() {            triggerPostRender();        }, 200 );        if ( visibilityTestDiv && visibilityTestDiv.offsetParent === null ) {            const observer = new MutationObserver( ( mutations ) => {                mutations.forEach( ( mutation ) => {                    if ( mutation.type === 'attributes' && visibilityTestDiv.offsetParent !== null ) {                        debouncedTriggerPostRender();                        observer.disconnect();                    }                });            });            observer.observe( document.body, {                attributes: true,                childList: false,                subtree: true,                attributeFilter: [ 'style', 'class' ],            });        } else {            triggerPostRender();        }    } );} ); \n\/* ]]> *\/\n<\/script>\n\n","protected":false},"excerpt":{"rendered":"","protected":false},"author":1,"featured_media":16909,"parent":0,"menu_order":0,"comment_status":"closed","ping_status":"closed","template":"template-page-generique.php","meta":{"_acf_changed":false,"inline_featured_image":false,"footnotes":""},"class_list":["post-16952","page","type-page","status-publish","has-post-thumbnail","hentry"],"acf":[],"yoast_head":"<!-- This site is optimized with the Yoast SEO Premium plugin v27.5 (Yoast SEO v27.5) - https:\/\/yoast.com\/product\/yoast-seo-premium-wordpress\/ -->\n<title>Submit your gift idea! \u2013 Bromont, Cantons-de-l&#039;Est | Tourisme Bromont<\/title>\n<meta name=\"robots\" content=\"index, follow, max-snippet:-1, max-image-preview:large, max-video-preview:-1\" \/>\n<link rel=\"canonical\" href=\"https:\/\/tourismebromont.com\/en\/submit-your-gift-idea\/\" \/>\n<meta property=\"og:locale\" content=\"en_US\" \/>\n<meta property=\"og:type\" content=\"article\" \/>\n<meta property=\"og:title\" content=\"Submit your gift idea!\" \/>\n<meta property=\"og:url\" content=\"https:\/\/tourismebromont.com\/en\/submit-your-gift-idea\/\" \/>\n<meta property=\"og:site_name\" content=\"Tourisme Bromont\" \/>\n<meta property=\"article:publisher\" content=\"https:\/\/www.facebook.com\/tourismebromont\/\" \/>\n<meta property=\"article:modified_time\" content=\"2020-11-19T12:43:51+00:00\" \/>\n<meta property=\"og:image\" content=\"https:\/\/tourismebromont.com\/wp-content\/uploads\/gravity_forms\/19-0f1e53cae10b84780d0469e0635ed4f7\/2020\/11\/gift-istock3.jpg\" \/>\n\t<meta property=\"og:image:width\" content=\"1\" \/>\n\t<meta property=\"og:image:height\" content=\"1\" \/>\n\t<meta property=\"og:image:type\" content=\"image\/jpeg\" \/>\n<meta name=\"twitter:card\" content=\"summary_large_image\" \/>\n<script type=\"application\/ld+json\" class=\"yoast-schema-graph\">{\"@context\":\"https:\\\/\\\/schema.org\",\"@graph\":[{\"@type\":\"WebPage\",\"@id\":\"https:\\\/\\\/tourismebromont.com\\\/en\\\/submit-your-gift-idea\\\/\",\"url\":\"https:\\\/\\\/tourismebromont.com\\\/en\\\/submit-your-gift-idea\\\/\",\"name\":\"Submit your gift idea! \u2013 Bromont, Cantons-de-l'Est | Tourisme Bromont\",\"isPartOf\":{\"@id\":\"https:\\\/\\\/tourismebromont.com\\\/#website\"},\"primaryImageOfPage\":{\"@id\":\"https:\\\/\\\/tourismebromont.com\\\/en\\\/submit-your-gift-idea\\\/#primaryimage\"},\"image\":{\"@id\":\"https:\\\/\\\/tourismebromont.com\\\/en\\\/submit-your-gift-idea\\\/#primaryimage\"},\"thumbnailUrl\":\"https:\\\/\\\/tourismebromont.com\\\/wp-content\\\/uploads\\\/gravity_forms\\\/19-0f1e53cae10b84780d0469e0635ed4f7\\\/2020\\\/11\\\/gift-istock3.jpg\",\"datePublished\":\"2020-11-17T18:38:45+00:00\",\"dateModified\":\"2020-11-19T12:43:51+00:00\",\"breadcrumb\":{\"@id\":\"https:\\\/\\\/tourismebromont.com\\\/en\\\/submit-your-gift-idea\\\/#breadcrumb\"},\"inLanguage\":\"en-US\",\"potentialAction\":[{\"@type\":\"ReadAction\",\"target\":[\"https:\\\/\\\/tourismebromont.com\\\/en\\\/submit-your-gift-idea\\\/\"]}]},{\"@type\":\"ImageObject\",\"inLanguage\":\"en-US\",\"@id\":\"https:\\\/\\\/tourismebromont.com\\\/en\\\/submit-your-gift-idea\\\/#primaryimage\",\"url\":\"https:\\\/\\\/tourismebromont.com\\\/wp-content\\\/uploads\\\/gravity_forms\\\/19-0f1e53cae10b84780d0469e0635ed4f7\\\/2020\\\/11\\\/gift-istock3.jpg\",\"contentUrl\":\"https:\\\/\\\/tourismebromont.com\\\/wp-content\\\/uploads\\\/gravity_forms\\\/19-0f1e53cae10b84780d0469e0635ed4f7\\\/2020\\\/11\\\/gift-istock3.jpg\"},{\"@type\":\"BreadcrumbList\",\"@id\":\"https:\\\/\\\/tourismebromont.com\\\/en\\\/submit-your-gift-idea\\\/#breadcrumb\",\"itemListElement\":[{\"@type\":\"ListItem\",\"position\":1,\"name\":\"Accueil\",\"item\":\"https:\\\/\\\/tourismebromont.com\\\/en\\\/\"},{\"@type\":\"ListItem\",\"position\":2,\"name\":\"Submit your gift idea!\"}]},{\"@type\":\"WebSite\",\"@id\":\"https:\\\/\\\/tourismebromont.com\\\/#website\",\"url\":\"https:\\\/\\\/tourismebromont.com\\\/\",\"name\":\"Tourisme Bromont\",\"description\":\"Simplement d\u00e9paysant !\",\"publisher\":{\"@id\":\"https:\\\/\\\/tourismebromont.com\\\/#organization\"},\"potentialAction\":[{\"@type\":\"SearchAction\",\"target\":{\"@type\":\"EntryPoint\",\"urlTemplate\":\"https:\\\/\\\/tourismebromont.com\\\/?s={search_term_string}\"},\"query-input\":{\"@type\":\"PropertyValueSpecification\",\"valueRequired\":true,\"valueName\":\"search_term_string\"}}],\"inLanguage\":\"en-US\"},{\"@type\":[\"Organization\",\"Place\"],\"@id\":\"https:\\\/\\\/tourismebromont.com\\\/#organization\",\"name\":\"Tourisme Bromont\",\"url\":\"https:\\\/\\\/tourismebromont.com\\\/\",\"logo\":{\"@id\":\"https:\\\/\\\/tourismebromont.com\\\/en\\\/submit-your-gift-idea\\\/#local-main-organization-logo\"},\"image\":{\"@id\":\"https:\\\/\\\/tourismebromont.com\\\/en\\\/submit-your-gift-idea\\\/#local-main-organization-logo\"},\"sameAs\":[\"https:\\\/\\\/www.facebook.com\\\/tourismebromont\\\/\",\"https:\\\/\\\/www.youtube.com\\\/channel\\\/UC4arY7uaW-gyOHQNgAJ6UEg\",\"https:\\\/\\\/www.linkedin.com\\\/company\\\/tourisme-bromont\",\"https:\\\/\\\/www.pinterest.ca\\\/tourismebromont\\\/\",\"https:\\\/\\\/www.instagram.com\\\/tourismebromont\\\/\"],\"description\":\"Tourisme Bromont est l'office de tourisme officiel de la ville de Bromont, dans les Cantons-de-l'Est au Qu\u00e9bec. Il informe et guide les visiteurs sur les attraits, h\u00e9bergements, restaurants, activit\u00e9s de plein air et \u00e9v\u00e9nements de la r\u00e9gion de Bromont.\",\"numberOfEmployees\":{\"@type\":\"QuantitativeValue\",\"minValue\":\"1\",\"maxValue\":\"10\"},\"telephone\":[],\"openingHoursSpecification\":[{\"@type\":\"OpeningHoursSpecification\",\"dayOfWeek\":[\"Monday\",\"Tuesday\",\"Wednesday\",\"Thursday\",\"Friday\",\"Saturday\",\"Sunday\"],\"opens\":\"09:00\",\"closes\":\"17:00\"}]},{\"@type\":\"ImageObject\",\"inLanguage\":\"en-US\",\"@id\":\"https:\\\/\\\/tourismebromont.com\\\/en\\\/submit-your-gift-idea\\\/#local-main-organization-logo\",\"url\":\"https:\\\/\\\/tourismebromont.com\\\/wp-content\\\/uploads\\\/2026\\\/04\\\/logo-tourisme-bromont-2021.svg\",\"contentUrl\":\"https:\\\/\\\/tourismebromont.com\\\/wp-content\\\/uploads\\\/2026\\\/04\\\/logo-tourisme-bromont-2021.svg\",\"width\":1676,\"height\":392,\"caption\":\"Tourisme Bromont\"}]}<\/script>\n<!-- \/ Yoast SEO Premium plugin. -->","yoast_head_json":{"title":"Submit your gift idea! \u2013 Bromont, Cantons-de-l'Est | Tourisme Bromont","robots":{"index":"index","follow":"follow","max-snippet":"max-snippet:-1","max-image-preview":"max-image-preview:large","max-video-preview":"max-video-preview:-1"},"canonical":"https:\/\/tourismebromont.com\/en\/submit-your-gift-idea\/","og_locale":"en_US","og_type":"article","og_title":"Submit your gift idea!","og_url":"https:\/\/tourismebromont.com\/en\/submit-your-gift-idea\/","og_site_name":"Tourisme Bromont","article_publisher":"https:\/\/www.facebook.com\/tourismebromont\/","article_modified_time":"2020-11-19T12:43:51+00:00","og_image":[{"url":"https:\/\/tourismebromont.com\/wp-content\/uploads\/gravity_forms\/19-0f1e53cae10b84780d0469e0635ed4f7\/2020\/11\/gift-istock3.jpg","width":1,"height":1,"type":"image\/jpeg"}],"twitter_card":"summary_large_image","schema":{"@context":"https:\/\/schema.org","@graph":[{"@type":"WebPage","@id":"https:\/\/tourismebromont.com\/en\/submit-your-gift-idea\/","url":"https:\/\/tourismebromont.com\/en\/submit-your-gift-idea\/","name":"Submit your gift idea! \u2013 Bromont, Cantons-de-l'Est | Tourisme Bromont","isPartOf":{"@id":"https:\/\/tourismebromont.com\/#website"},"primaryImageOfPage":{"@id":"https:\/\/tourismebromont.com\/en\/submit-your-gift-idea\/#primaryimage"},"image":{"@id":"https:\/\/tourismebromont.com\/en\/submit-your-gift-idea\/#primaryimage"},"thumbnailUrl":"https:\/\/tourismebromont.com\/wp-content\/uploads\/gravity_forms\/19-0f1e53cae10b84780d0469e0635ed4f7\/2020\/11\/gift-istock3.jpg","datePublished":"2020-11-17T18:38:45+00:00","dateModified":"2020-11-19T12:43:51+00:00","breadcrumb":{"@id":"https:\/\/tourismebromont.com\/en\/submit-your-gift-idea\/#breadcrumb"},"inLanguage":"en-US","potentialAction":[{"@type":"ReadAction","target":["https:\/\/tourismebromont.com\/en\/submit-your-gift-idea\/"]}]},{"@type":"ImageObject","inLanguage":"en-US","@id":"https:\/\/tourismebromont.com\/en\/submit-your-gift-idea\/#primaryimage","url":"https:\/\/tourismebromont.com\/wp-content\/uploads\/gravity_forms\/19-0f1e53cae10b84780d0469e0635ed4f7\/2020\/11\/gift-istock3.jpg","contentUrl":"https:\/\/tourismebromont.com\/wp-content\/uploads\/gravity_forms\/19-0f1e53cae10b84780d0469e0635ed4f7\/2020\/11\/gift-istock3.jpg"},{"@type":"BreadcrumbList","@id":"https:\/\/tourismebromont.com\/en\/submit-your-gift-idea\/#breadcrumb","itemListElement":[{"@type":"ListItem","position":1,"name":"Accueil","item":"https:\/\/tourismebromont.com\/en\/"},{"@type":"ListItem","position":2,"name":"Submit your gift idea!"}]},{"@type":"WebSite","@id":"https:\/\/tourismebromont.com\/#website","url":"https:\/\/tourismebromont.com\/","name":"Tourisme Bromont","description":"Simplement d\u00e9paysant !","publisher":{"@id":"https:\/\/tourismebromont.com\/#organization"},"potentialAction":[{"@type":"SearchAction","target":{"@type":"EntryPoint","urlTemplate":"https:\/\/tourismebromont.com\/?s={search_term_string}"},"query-input":{"@type":"PropertyValueSpecification","valueRequired":true,"valueName":"search_term_string"}}],"inLanguage":"en-US"},{"@type":["Organization","Place"],"@id":"https:\/\/tourismebromont.com\/#organization","name":"Tourisme Bromont","url":"https:\/\/tourismebromont.com\/","logo":{"@id":"https:\/\/tourismebromont.com\/en\/submit-your-gift-idea\/#local-main-organization-logo"},"image":{"@id":"https:\/\/tourismebromont.com\/en\/submit-your-gift-idea\/#local-main-organization-logo"},"sameAs":["https:\/\/www.facebook.com\/tourismebromont\/","https:\/\/www.youtube.com\/channel\/UC4arY7uaW-gyOHQNgAJ6UEg","https:\/\/www.linkedin.com\/company\/tourisme-bromont","https:\/\/www.pinterest.ca\/tourismebromont\/","https:\/\/www.instagram.com\/tourismebromont\/"],"description":"Tourisme Bromont est l'office de tourisme officiel de la ville de Bromont, dans les Cantons-de-l'Est au Qu\u00e9bec. Il informe et guide les visiteurs sur les attraits, h\u00e9bergements, restaurants, activit\u00e9s de plein air et \u00e9v\u00e9nements de la r\u00e9gion de Bromont.","numberOfEmployees":{"@type":"QuantitativeValue","minValue":"1","maxValue":"10"},"telephone":[],"openingHoursSpecification":[{"@type":"OpeningHoursSpecification","dayOfWeek":["Monday","Tuesday","Wednesday","Thursday","Friday","Saturday","Sunday"],"opens":"09:00","closes":"17:00"}]},{"@type":"ImageObject","inLanguage":"en-US","@id":"https:\/\/tourismebromont.com\/en\/submit-your-gift-idea\/#local-main-organization-logo","url":"https:\/\/tourismebromont.com\/wp-content\/uploads\/2026\/04\/logo-tourisme-bromont-2021.svg","contentUrl":"https:\/\/tourismebromont.com\/wp-content\/uploads\/2026\/04\/logo-tourisme-bromont-2021.svg","width":1676,"height":392,"caption":"Tourisme Bromont"}]}},"post_mailing_queue_ids":[],"_links":{"self":[{"href":"https:\/\/tourismebromont.com\/en\/wp-json\/wp\/v2\/pages\/16952","targetHints":{"allow":["GET"]}}],"collection":[{"href":"https:\/\/tourismebromont.com\/en\/wp-json\/wp\/v2\/pages"}],"about":[{"href":"https:\/\/tourismebromont.com\/en\/wp-json\/wp\/v2\/types\/page"}],"author":[{"embeddable":true,"href":"https:\/\/tourismebromont.com\/en\/wp-json\/wp\/v2\/users\/1"}],"replies":[{"embeddable":true,"href":"https:\/\/tourismebromont.com\/en\/wp-json\/wp\/v2\/comments?post=16952"}],"version-history":[{"count":0,"href":"https:\/\/tourismebromont.com\/en\/wp-json\/wp\/v2\/pages\/16952\/revisions"}],"wp:featuredmedia":[{"embeddable":true,"href":"https:\/\/tourismebromont.com\/en\/wp-json\/wp\/v2\/media\/16909"}],"wp:attachment":[{"href":"https:\/\/tourismebromont.com\/en\/wp-json\/wp\/v2\/media?parent=16952"}],"curies":[{"name":"wp","href":"https:\/\/api.w.org\/{rel}","templated":true}]}}