{"id":18993,"date":"2021-05-31T07:34:27","date_gmt":"2021-05-31T11:34:27","guid":{"rendered":"https:\/\/tourismebromont.com\/accueil-2021\/"},"modified":"2026-05-01T11:02:24","modified_gmt":"2026-05-01T15:02:24","slug":"accueil-2021","status":"publish","type":"page","link":"https:\/\/tourismebromont.com\/en\/","title":{"rendered":"Home"},"content":{"rendered":"","protected":false},"excerpt":{"rendered":"","protected":false},"author":1,"featured_media":0,"parent":0,"menu_order":0,"comment_status":"closed","ping_status":"closed","template":"template-accueil-2021.php","meta":{"_acf_changed":false,"inline_featured_image":false,"footnotes":""},"class_list":["post-18993","page","type-page","status-publish","hentry"],"acf":[],"yoast_head":"<!-- This site is optimized with the Yoast SEO Premium plugin v27.5 (Yoast SEO v27.5) - https:\/\/yoast.com\/product\/yoast-seo-premium-wordpress\/ -->\n<title>Bromont, Eastern Townships \u2014 Official Tourism Website | Tourisme Bromont<\/title>\n<meta name=\"description\" content=\"Plan your trip to Bromont, Quebec. Discover skiing, mountain biking, the Baln\u00e9a thermal spa, camping, vineyards and more \u2014 four seasons of experiences in the Eastern Townships.\" \/>\n<meta name=\"robots\" content=\"index, follow, max-snippet:-1, max-image-preview:large, max-video-preview:-1\" \/>\n<link rel=\"canonical\" href=\"https:\/\/tourismebromont.com\/en\/\" \/>\n<meta property=\"og:locale\" content=\"en_US\" \/>\n<meta property=\"og:type\" content=\"article\" \/>\n<meta property=\"og:title\" content=\"Bromont, Eastern Townships \u2014 Official Tourism Website | Tourisme Bromont\" \/>\n<meta property=\"og:description\" content=\"Plan your trip to Bromont, Quebec. Discover skiing, mountain biking, the Baln\u00e9a thermal spa, camping, vineyards and more \u2014 four seasons of experiences in the Eastern Townships.\" \/>\n<meta property=\"og:url\" content=\"https:\/\/tourismebromont.com\/en\/\" \/>\n<meta property=\"og:site_name\" content=\"Tourisme Bromont\" \/>\n<meta property=\"article:publisher\" content=\"https:\/\/www.facebook.com\/tourismebromont\/\" \/>\n<meta property=\"article:modified_time\" content=\"2026-05-01T15:02:24+00:00\" \/>\n<meta property=\"og:image\" content=\"https:\/\/tourismebromont.com\/wp-content\/uploads\/2017\/11\/tourisme-bromont-logo.jpg\" \/>\n\t<meta property=\"og:image:width\" content=\"593\" \/>\n\t<meta property=\"og:image:height\" content=\"593\" \/>\n\t<meta property=\"og:image:type\" content=\"image\/jpeg\" \/>\n<meta name=\"twitter:card\" content=\"summary_large_image\" \/>\n<meta name=\"twitter:title\" content=\"Bromont, Eastern Townships \u2014 Official Tourism Website | Tourisme Bromont\" \/>\n<meta name=\"twitter:description\" content=\"Plan your trip to Bromont, Quebec. Discover skiing, mountain biking, the Baln\u00e9a thermal spa, camping, vineyards and more \u2014 four seasons of experiences in the Eastern Townships.\" \/>\n<script type=\"application\/ld+json\" class=\"yoast-schema-graph\">{\"@context\":\"https:\\\/\\\/schema.org\",\"@graph\":[{\"@type\":\"WebPage\",\"@id\":\"https:\\\/\\\/tourismebromont.com\\\/en\\\/\",\"url\":\"https:\\\/\\\/tourismebromont.com\\\/en\\\/\",\"name\":\"Bromont, Eastern Townships \u2014 Official Tourism Website | Tourisme Bromont\",\"isPartOf\":{\"@id\":\"https:\\\/\\\/tourismebromont.com\\\/#website\"},\"datePublished\":\"2021-05-31T11:34:27+00:00\",\"dateModified\":\"2026-05-01T15:02:24+00:00\",\"description\":\"Plan your trip to Bromont, Quebec. Discover skiing, mountain biking, the Baln\u00e9a thermal spa, camping, vineyards and more \u2014 four seasons of experiences in the Eastern Townships.\",\"breadcrumb\":{\"@id\":\"https:\\\/\\\/tourismebromont.com\\\/en\\\/#breadcrumb\"},\"inLanguage\":\"en-US\",\"potentialAction\":[{\"@type\":\"ReadAction\",\"target\":[\"https:\\\/\\\/tourismebromont.com\\\/en\\\/\"]}]},{\"@type\":\"BreadcrumbList\",\"@id\":\"https:\\\/\\\/tourismebromont.com\\\/en\\\/#breadcrumb\",\"itemListElement\":[{\"@type\":\"ListItem\",\"position\":1,\"name\":\"Accueil\",\"item\":\"https:\\\/\\\/tourismebromont.com\\\/en\\\/\"},{\"@type\":\"ListItem\",\"position\":2,\"name\":\"Home\"}]},{\"@type\":\"WebSite\",\"@id\":\"https:\\\/\\\/tourismebromont.com\\\/#website\",\"url\":\"https:\\\/\\\/tourismebromont.com\\\/\",\"name\":\"Tourisme Bromont\",\"description\":\"Simplement d\u00e9paysant !\",\"publisher\":{\"@id\":\"https:\\\/\\\/tourismebromont.com\\\/#organization\"},\"potentialAction\":[{\"@type\":\"SearchAction\",\"target\":{\"@type\":\"EntryPoint\",\"urlTemplate\":\"https:\\\/\\\/tourismebromont.com\\\/?s={search_term_string}\"},\"query-input\":{\"@type\":\"PropertyValueSpecification\",\"valueRequired\":true,\"valueName\":\"search_term_string\"}}],\"inLanguage\":\"en-US\"},{\"@type\":[\"Organization\",\"Place\"],\"@id\":\"https:\\\/\\\/tourismebromont.com\\\/#organization\",\"name\":\"Tourisme Bromont\",\"url\":\"https:\\\/\\\/tourismebromont.com\\\/\",\"logo\":{\"@id\":\"https:\\\/\\\/tourismebromont.com\\\/en\\\/#local-main-organization-logo\"},\"image\":{\"@id\":\"https:\\\/\\\/tourismebromont.com\\\/en\\\/#local-main-organization-logo\"},\"sameAs\":[\"https:\\\/\\\/www.facebook.com\\\/tourismebromont\\\/\",\"https:\\\/\\\/www.youtube.com\\\/channel\\\/UC4arY7uaW-gyOHQNgAJ6UEg\",\"https:\\\/\\\/www.linkedin.com\\\/company\\\/tourisme-bromont\",\"https:\\\/\\\/www.pinterest.ca\\\/tourismebromont\\\/\",\"https:\\\/\\\/www.instagram.com\\\/tourismebromont\\\/\"],\"description\":\"Tourisme Bromont est l'office de tourisme officiel de la ville de Bromont, dans les Cantons-de-l'Est au Qu\u00e9bec. Il informe et guide les visiteurs sur les attraits, h\u00e9bergements, restaurants, activit\u00e9s de plein air et \u00e9v\u00e9nements de la r\u00e9gion de Bromont.\",\"numberOfEmployees\":{\"@type\":\"QuantitativeValue\",\"minValue\":\"1\",\"maxValue\":\"10\"},\"telephone\":[],\"openingHoursSpecification\":[{\"@type\":\"OpeningHoursSpecification\",\"dayOfWeek\":[\"Monday\",\"Tuesday\",\"Wednesday\",\"Thursday\",\"Friday\",\"Saturday\",\"Sunday\"],\"opens\":\"09:00\",\"closes\":\"17:00\"}]},{\"@type\":\"ImageObject\",\"inLanguage\":\"en-US\",\"@id\":\"https:\\\/\\\/tourismebromont.com\\\/en\\\/#local-main-organization-logo\",\"url\":\"https:\\\/\\\/tourismebromont.com\\\/wp-content\\\/uploads\\\/2026\\\/04\\\/logo-tourisme-bromont-2021.svg\",\"contentUrl\":\"https:\\\/\\\/tourismebromont.com\\\/wp-content\\\/uploads\\\/2026\\\/04\\\/logo-tourisme-bromont-2021.svg\",\"width\":1676,\"height\":392,\"caption\":\"Tourisme Bromont\"}]}<\/script>\n<!-- \/ Yoast SEO Premium plugin. -->","yoast_head_json":{"title":"Bromont, Eastern Townships \u2014 Official Tourism Website | Tourisme Bromont","description":"Plan your trip to Bromont, Quebec. Discover skiing, mountain biking, the Baln\u00e9a thermal spa, camping, vineyards and more \u2014 four seasons of experiences in the Eastern Townships.","robots":{"index":"index","follow":"follow","max-snippet":"max-snippet:-1","max-image-preview":"max-image-preview:large","max-video-preview":"max-video-preview:-1"},"canonical":"https:\/\/tourismebromont.com\/en\/","og_locale":"en_US","og_type":"article","og_title":"Bromont, Eastern Townships \u2014 Official Tourism Website | Tourisme Bromont","og_description":"Plan your trip to Bromont, Quebec. Discover skiing, mountain biking, the Baln\u00e9a thermal spa, camping, vineyards and more \u2014 four seasons of experiences in the Eastern Townships.","og_url":"https:\/\/tourismebromont.com\/en\/","og_site_name":"Tourisme Bromont","article_publisher":"https:\/\/www.facebook.com\/tourismebromont\/","article_modified_time":"2026-05-01T15:02:24+00:00","og_image":[{"width":593,"height":593,"url":"https:\/\/tourismebromont.com\/wp-content\/uploads\/2017\/11\/tourisme-bromont-logo.jpg","type":"image\/jpeg"}],"twitter_card":"summary_large_image","twitter_title":"Bromont, Eastern Townships \u2014 Official Tourism Website | Tourisme Bromont","twitter_description":"Plan your trip to Bromont, Quebec. Discover skiing, mountain biking, the Baln\u00e9a thermal spa, camping, vineyards and more \u2014 four seasons of experiences in the Eastern Townships.","schema":{"@context":"https:\/\/schema.org","@graph":[{"@type":"WebPage","@id":"https:\/\/tourismebromont.com\/en\/","url":"https:\/\/tourismebromont.com\/en\/","name":"Bromont, Eastern Townships \u2014 Official Tourism Website | Tourisme Bromont","isPartOf":{"@id":"https:\/\/tourismebromont.com\/#website"},"datePublished":"2021-05-31T11:34:27+00:00","dateModified":"2026-05-01T15:02:24+00:00","description":"Plan your trip to Bromont, Quebec. Discover skiing, mountain biking, the Baln\u00e9a thermal spa, camping, vineyards and more \u2014 four seasons of experiences in the Eastern Townships.","breadcrumb":{"@id":"https:\/\/tourismebromont.com\/en\/#breadcrumb"},"inLanguage":"en-US","potentialAction":[{"@type":"ReadAction","target":["https:\/\/tourismebromont.com\/en\/"]}]},{"@type":"BreadcrumbList","@id":"https:\/\/tourismebromont.com\/en\/#breadcrumb","itemListElement":[{"@type":"ListItem","position":1,"name":"Accueil","item":"https:\/\/tourismebromont.com\/en\/"},{"@type":"ListItem","position":2,"name":"Home"}]},{"@type":"WebSite","@id":"https:\/\/tourismebromont.com\/#website","url":"https:\/\/tourismebromont.com\/","name":"Tourisme Bromont","description":"Simplement d\u00e9paysant !","publisher":{"@id":"https:\/\/tourismebromont.com\/#organization"},"potentialAction":[{"@type":"SearchAction","target":{"@type":"EntryPoint","urlTemplate":"https:\/\/tourismebromont.com\/?s={search_term_string}"},"query-input":{"@type":"PropertyValueSpecification","valueRequired":true,"valueName":"search_term_string"}}],"inLanguage":"en-US"},{"@type":["Organization","Place"],"@id":"https:\/\/tourismebromont.com\/#organization","name":"Tourisme Bromont","url":"https:\/\/tourismebromont.com\/","logo":{"@id":"https:\/\/tourismebromont.com\/en\/#local-main-organization-logo"},"image":{"@id":"https:\/\/tourismebromont.com\/en\/#local-main-organization-logo"},"sameAs":["https:\/\/www.facebook.com\/tourismebromont\/","https:\/\/www.youtube.com\/channel\/UC4arY7uaW-gyOHQNgAJ6UEg","https:\/\/www.linkedin.com\/company\/tourisme-bromont","https:\/\/www.pinterest.ca\/tourismebromont\/","https:\/\/www.instagram.com\/tourismebromont\/"],"description":"Tourisme Bromont est l'office de tourisme officiel de la ville de Bromont, dans les Cantons-de-l'Est au Qu\u00e9bec. Il informe et guide les visiteurs sur les attraits, h\u00e9bergements, restaurants, activit\u00e9s de plein air et \u00e9v\u00e9nements de la r\u00e9gion de Bromont.","numberOfEmployees":{"@type":"QuantitativeValue","minValue":"1","maxValue":"10"},"telephone":[],"openingHoursSpecification":[{"@type":"OpeningHoursSpecification","dayOfWeek":["Monday","Tuesday","Wednesday","Thursday","Friday","Saturday","Sunday"],"opens":"09:00","closes":"17:00"}]},{"@type":"ImageObject","inLanguage":"en-US","@id":"https:\/\/tourismebromont.com\/en\/#local-main-organization-logo","url":"https:\/\/tourismebromont.com\/wp-content\/uploads\/2026\/04\/logo-tourisme-bromont-2021.svg","contentUrl":"https:\/\/tourismebromont.com\/wp-content\/uploads\/2026\/04\/logo-tourisme-bromont-2021.svg","width":1676,"height":392,"caption":"Tourisme Bromont"}]}},"post_mailing_queue_ids":[],"_links":{"self":[{"href":"https:\/\/tourismebromont.com\/en\/wp-json\/wp\/v2\/pages\/18993","targetHints":{"allow":["GET"]}}],"collection":[{"href":"https:\/\/tourismebromont.com\/en\/wp-json\/wp\/v2\/pages"}],"about":[{"href":"https:\/\/tourismebromont.com\/en\/wp-json\/wp\/v2\/types\/page"}],"author":[{"embeddable":true,"href":"https:\/\/tourismebromont.com\/en\/wp-json\/wp\/v2\/users\/1"}],"replies":[{"embeddable":true,"href":"https:\/\/tourismebromont.com\/en\/wp-json\/wp\/v2\/comments?post=18993"}],"version-history":[{"count":5,"href":"https:\/\/tourismebromont.com\/en\/wp-json\/wp\/v2\/pages\/18993\/revisions"}],"predecessor-version":[{"id":72732,"href":"https:\/\/tourismebromont.com\/en\/wp-json\/wp\/v2\/pages\/18993\/revisions\/72732"}],"wp:attachment":[{"href":"https:\/\/tourismebromont.com\/en\/wp-json\/wp\/v2\/media?parent=18993"}],"curies":[{"name":"wp","href":"https:\/\/api.w.org\/{rel}","templated":true}]}}