{"id":26360,"date":"2022-10-19T13:33:30","date_gmt":"2022-10-19T17:33:30","guid":{"rendered":"https:\/\/tourismebromont.com\/?page_id=26360"},"modified":"2022-11-14T09:24:30","modified_gmt":"2022-11-14T14:24:30","slug":"contest-bromont-in-healing-mode","status":"publish","type":"page","link":"https:\/\/tourismebromont.com\/en\/contest-bromont-in-healing-mode\/","title":{"rendered":"Contest &#8211; Bromont in healing mode!"},"content":{"rendered":"<p><\/p>\n<p><img loading=\"lazy\" decoding=\"async\" class=\"alignnone size-full wp-image-26395\" src=\"https:\/\/tourismebromont.com\/wp-content\/uploads\/2022\/10\/facebook_1200x628_concours_Oct2022_EN.png\" alt=\"\" width=\"2400\" height=\"1256\" data-id=\"26395\" srcset=\"https:\/\/tourismebromont.com\/wp-content\/uploads\/2022\/10\/facebook_1200x628_concours_Oct2022_EN.png 2400w, https:\/\/tourismebromont.com\/wp-content\/uploads\/2022\/10\/facebook_1200x628_concours_Oct2022_EN-250x131.png 250w, https:\/\/tourismebromont.com\/wp-content\/uploads\/2022\/10\/facebook_1200x628_concours_Oct2022_EN-700x366.png 700w, https:\/\/tourismebromont.com\/wp-content\/uploads\/2022\/10\/facebook_1200x628_concours_Oct2022_EN-768x402.png 768w, https:\/\/tourismebromont.com\/wp-content\/uploads\/2022\/10\/facebook_1200x628_concours_Oct2022_EN-1536x804.png 1536w, https:\/\/tourismebromont.com\/wp-content\/uploads\/2022\/10\/facebook_1200x628_concours_Oct2022_EN-2048x1072.png 2048w, https:\/\/tourismebromont.com\/wp-content\/uploads\/2022\/10\/facebook_1200x628_concours_Oct2022_EN-120x63.png 120w\" sizes=\"auto, (max-width: 2400px) 100vw, 2400px\" \/><\/p>\n<p><strong>Prize: package for 2 people including: <\/strong><br>Full day access to the thermal experience at BALNEA spa + r\u00e9serve thermale<br>1 night stay including breakfast at Domaine Ch\u00e2teau Bromont<br>A hike at Parc des Sommets<br>Tasting at Vignoble L\u00e9on Courville <br>$200 gift card to Chardo restaurant &#8211; resto &amp; wine bar.<\/p>\n\n\n<div class=\"wp-block-columns is-layout-flex wp-container-core-columns-is-layout-9d6595d7 wp-block-columns-is-layout-flex\">\n<div class=\"wp-block-column is-layout-flow wp-block-column-is-layout-flow\">\n<br\/><br\/>\n<p>This contest is now close, thank you for your participation<\/p>\n<\/div>\n<\/div>\n","protected":false},"excerpt":{"rendered":"<p>Prize: package for 2 people including: Full day access to the thermal experience at BALNEA spa + r\u00e9serve thermale1 night stay including breakfast at Domaine Ch\u00e2teau BromontA hike at Parc des SommetsTasting at Vignoble L\u00e9on Courville $200 gift card to Chardo restaurant &#8211; resto &amp; wine bar. This contest is now close, thank you for [&hellip;]<\/p>\n","protected":false},"author":5,"featured_media":26395,"parent":0,"menu_order":0,"comment_status":"closed","ping_status":"closed","template":"template-concours.php","meta":{"_acf_changed":false,"inline_featured_image":false,"footnotes":""},"class_list":["post-26360","page","type-page","status-publish","has-post-thumbnail","hentry"],"acf":[],"post_mailing_queue_ids":[],"_links":{"self":[{"href":"https:\/\/tourismebromont.com\/en\/wp-json\/wp\/v2\/pages\/26360","targetHints":{"allow":["GET"]}}],"collection":[{"href":"https:\/\/tourismebromont.com\/en\/wp-json\/wp\/v2\/pages"}],"about":[{"href":"https:\/\/tourismebromont.com\/en\/wp-json\/wp\/v2\/types\/page"}],"author":[{"embeddable":true,"href":"https:\/\/tourismebromont.com\/en\/wp-json\/wp\/v2\/users\/5"}],"replies":[{"embeddable":true,"href":"https:\/\/tourismebromont.com\/en\/wp-json\/wp\/v2\/comments?post=26360"}],"version-history":[{"count":0,"href":"https:\/\/tourismebromont.com\/en\/wp-json\/wp\/v2\/pages\/26360\/revisions"}],"wp:featuredmedia":[{"embeddable":true,"href":"https:\/\/tourismebromont.com\/en\/wp-json\/wp\/v2\/media\/26395"}],"wp:attachment":[{"href":"https:\/\/tourismebromont.com\/en\/wp-json\/wp\/v2\/media?parent=26360"}],"curies":[{"name":"wp","href":"https:\/\/api.w.org\/{rel}","templated":true}]}}