{"id":28553,"date":"2023-02-14T11:22:09","date_gmt":"2023-02-14T16:22:09","guid":{"rendered":"https:\/\/tourismebromont.com\/?page_id=28553"},"modified":"2023-03-13T11:13:28","modified_gmt":"2023-03-13T15:13:28","slug":"contest-3-golf-courses","status":"publish","type":"page","link":"https:\/\/tourismebromont.com\/en\/contest-3-golf-courses\/","title":{"rendered":"Contest"},"content":{"rendered":"<p><img loading=\"lazy\" decoding=\"async\" class=\"alignnone wp-image-28574 size-full\" src=\"https:\/\/tourismebromont.com\/wp-content\/uploads\/2023\/02\/Bromont_concours_golf_1400x760_page_concours_EN-1.png\" alt=\"\" width=\"1400\" height=\"760\" data-id=\"26418\" srcset=\"https:\/\/tourismebromont.com\/wp-content\/uploads\/2023\/02\/Bromont_concours_golf_1400x760_page_concours_EN-1.png 1400w, https:\/\/tourismebromont.com\/wp-content\/uploads\/2023\/02\/Bromont_concours_golf_1400x760_page_concours_EN-1-250x136.png 250w, https:\/\/tourismebromont.com\/wp-content\/uploads\/2023\/02\/Bromont_concours_golf_1400x760_page_concours_EN-1-700x380.png 700w, https:\/\/tourismebromont.com\/wp-content\/uploads\/2023\/02\/Bromont_concours_golf_1400x760_page_concours_EN-1-768x417.png 768w, https:\/\/tourismebromont.com\/wp-content\/uploads\/2023\/02\/Bromont_concours_golf_1400x760_page_concours_EN-1-120x65.png 120w\" sizes=\"auto, (max-width: 1400px) 100vw, 1400px\" \/><\/p>\n<p><\/p>\n\n\n<div style=\"background-color:#0E2D2D;padding:40px;color:#fff;\"><p class=\"has-large-font-size\"><strong>Try your luck and win a golf trip for 2 in Bromont!<\/strong><\/p>\n<br><br>\n<div>\n<span>&#x26f3;&#xfe0f; 3 internationally renowned golf courses : Parcours du Vieux Village, Golf Royal Bromont, Golf Ch\u00e2teau-Bromont<\/span><br>\n<span>&#x1f3e0; 2 nights at the Ch\u00e2teau-Bromont hotel<\/span><br>\n<span>&#x1f37d;&#xfe0f; 1 three-course dinner at the 4 Canards restaurant, Ch\u00e2teau-Bromont<\/span><br>\n<span>&#x1f37d;&#xfe0f; 1 three-course dinner at Le Cellier du Roi restaurant, Royal Bromont<\/span><br>\n<\/div>\n<\/div>\n\n\n\n<p><\/p>\n\n\n\n<div class=\"wp-block-columns is-layout-flex wp-container-core-columns-is-layout-9d6595d7 wp-block-columns-is-layout-flex\">\n<div class=\"wp-block-column is-layout-flow wp-block-column-is-layout-flow\">\n<br><br>\n<div style=\"clear: both;\"><p>This contest is now closed<\/p><\/div>\n<\/div>\n<\/div>\n","protected":false},"excerpt":{"rendered":"<p>Try your luck and win a golf trip for 2 in Bromont! &#x26f3;&#xfe0f; 3 internationally renowned golf courses : Parcours du Vieux Village, Golf Royal Bromont, Golf Ch\u00e2teau-Bromont &#x1f3e0; 2 nights at the Ch\u00e2teau-Bromont hotel &#x1f37d;&#xfe0f; 1 three-course dinner at the 4 Canards restaurant, Ch\u00e2teau-Bromont &#x1f37d;&#xfe0f; 1 three-course dinner at Le Cellier du Roi restaurant, [&hellip;]<\/p>\n","protected":false},"author":5,"featured_media":28568,"parent":0,"menu_order":0,"comment_status":"closed","ping_status":"closed","template":"template-concours.php","meta":{"_acf_changed":false,"inline_featured_image":false,"footnotes":""},"class_list":["post-28553","page","type-page","status-publish","has-post-thumbnail","hentry"],"acf":[],"yoast_head":"<!-- This site is optimized with the Yoast SEO Premium plugin v27.5 (Yoast SEO v27.5) - https:\/\/yoast.com\/product\/yoast-seo-premium-wordpress\/ -->\n<title>Contest \u2013 Bromont, Cantons-de-l&#039;Est | Tourisme Bromont<\/title>\n<meta name=\"robots\" content=\"index, follow, max-snippet:-1, max-image-preview:large, max-video-preview:-1\" \/>\n<link rel=\"canonical\" href=\"https:\/\/tourismebromont.com\/en\/contest-3-golf-courses\/\" \/>\n<meta property=\"og:locale\" content=\"en_US\" \/>\n<meta property=\"og:type\" content=\"article\" \/>\n<meta property=\"og:title\" content=\"Contest\" \/>\n<meta property=\"og:description\" content=\"Try your luck and win a golf trip for 2 in Bromont! &#x26f3;&#xfe0f; 3 internationally renowned golf courses : Parcours du Vieux Village, Golf Royal Bromont, Golf Ch\u00e2teau-Bromont &#x1f3e0; 2 nights at the Ch\u00e2teau-Bromont hotel &#x1f37d;&#xfe0f; 1 three-course dinner at the 4 Canards restaurant, Ch\u00e2teau-Bromont &#x1f37d;&#xfe0f; 1 three-course dinner at Le Cellier du Roi restaurant, [&hellip;]\" \/>\n<meta property=\"og:url\" content=\"https:\/\/tourismebromont.com\/en\/contest-3-golf-courses\/\" \/>\n<meta property=\"og:site_name\" content=\"Tourisme Bromont\" \/>\n<meta property=\"article:publisher\" content=\"https:\/\/www.facebook.com\/tourismebromont\/\" \/>\n<meta property=\"article:modified_time\" content=\"2023-03-13T15:13:28+00:00\" \/>\n<meta property=\"og:image\" content=\"https:\/\/tourismebromont.com\/wp-content\/uploads\/2023\/02\/Bromont_coucours_golf_700x534_EN.png\" \/>\n\t<meta property=\"og:image:width\" content=\"700\" \/>\n\t<meta property=\"og:image:height\" content=\"534\" \/>\n\t<meta property=\"og:image:type\" content=\"image\/png\" \/>\n<meta name=\"twitter:card\" content=\"summary_large_image\" \/>\n<script type=\"application\/ld+json\" class=\"yoast-schema-graph\">{\"@context\":\"https:\\\/\\\/schema.org\",\"@graph\":[{\"@type\":\"WebPage\",\"@id\":\"https:\\\/\\\/tourismebromont.com\\\/en\\\/contest-3-golf-courses\\\/\",\"url\":\"https:\\\/\\\/tourismebromont.com\\\/en\\\/contest-3-golf-courses\\\/\",\"name\":\"Contest \u2013 Bromont, Cantons-de-l'Est | Tourisme Bromont\",\"isPartOf\":{\"@id\":\"https:\\\/\\\/tourismebromont.com\\\/#website\"},\"primaryImageOfPage\":{\"@id\":\"https:\\\/\\\/tourismebromont.com\\\/en\\\/contest-3-golf-courses\\\/#primaryimage\"},\"image\":{\"@id\":\"https:\\\/\\\/tourismebromont.com\\\/en\\\/contest-3-golf-courses\\\/#primaryimage\"},\"thumbnailUrl\":\"https:\\\/\\\/tourismebromont.com\\\/wp-content\\\/uploads\\\/2023\\\/02\\\/Bromont_coucours_golf_700x534_EN.png\",\"datePublished\":\"2023-02-14T16:22:09+00:00\",\"dateModified\":\"2023-03-13T15:13:28+00:00\",\"breadcrumb\":{\"@id\":\"https:\\\/\\\/tourismebromont.com\\\/en\\\/contest-3-golf-courses\\\/#breadcrumb\"},\"inLanguage\":\"en-US\",\"potentialAction\":[{\"@type\":\"ReadAction\",\"target\":[\"https:\\\/\\\/tourismebromont.com\\\/en\\\/contest-3-golf-courses\\\/\"]}]},{\"@type\":\"ImageObject\",\"inLanguage\":\"en-US\",\"@id\":\"https:\\\/\\\/tourismebromont.com\\\/en\\\/contest-3-golf-courses\\\/#primaryimage\",\"url\":\"https:\\\/\\\/tourismebromont.com\\\/wp-content\\\/uploads\\\/2023\\\/02\\\/Bromont_coucours_golf_700x534_EN.png\",\"contentUrl\":\"https:\\\/\\\/tourismebromont.com\\\/wp-content\\\/uploads\\\/2023\\\/02\\\/Bromont_coucours_golf_700x534_EN.png\",\"width\":700,\"height\":534},{\"@type\":\"BreadcrumbList\",\"@id\":\"https:\\\/\\\/tourismebromont.com\\\/en\\\/contest-3-golf-courses\\\/#breadcrumb\",\"itemListElement\":[{\"@type\":\"ListItem\",\"position\":1,\"name\":\"Accueil\",\"item\":\"https:\\\/\\\/tourismebromont.com\\\/en\\\/\"},{\"@type\":\"ListItem\",\"position\":2,\"name\":\"Contest\"}]},{\"@type\":\"WebSite\",\"@id\":\"https:\\\/\\\/tourismebromont.com\\\/#website\",\"url\":\"https:\\\/\\\/tourismebromont.com\\\/\",\"name\":\"Tourisme Bromont\",\"description\":\"Simplement d\u00e9paysant !\",\"publisher\":{\"@id\":\"https:\\\/\\\/tourismebromont.com\\\/#organization\"},\"potentialAction\":[{\"@type\":\"SearchAction\",\"target\":{\"@type\":\"EntryPoint\",\"urlTemplate\":\"https:\\\/\\\/tourismebromont.com\\\/?s={search_term_string}\"},\"query-input\":{\"@type\":\"PropertyValueSpecification\",\"valueRequired\":true,\"valueName\":\"search_term_string\"}}],\"inLanguage\":\"en-US\"},{\"@type\":[\"Organization\",\"Place\"],\"@id\":\"https:\\\/\\\/tourismebromont.com\\\/#organization\",\"name\":\"Tourisme Bromont\",\"url\":\"https:\\\/\\\/tourismebromont.com\\\/\",\"logo\":{\"@id\":\"https:\\\/\\\/tourismebromont.com\\\/en\\\/contest-3-golf-courses\\\/#local-main-organization-logo\"},\"image\":{\"@id\":\"https:\\\/\\\/tourismebromont.com\\\/en\\\/contest-3-golf-courses\\\/#local-main-organization-logo\"},\"sameAs\":[\"https:\\\/\\\/www.facebook.com\\\/tourismebromont\\\/\",\"https:\\\/\\\/www.youtube.com\\\/channel\\\/UC4arY7uaW-gyOHQNgAJ6UEg\",\"https:\\\/\\\/www.linkedin.com\\\/company\\\/tourisme-bromont\",\"https:\\\/\\\/www.pinterest.ca\\\/tourismebromont\\\/\",\"https:\\\/\\\/www.instagram.com\\\/tourismebromont\\\/\"],\"description\":\"Tourisme Bromont est l'office de tourisme officiel de la ville de Bromont, dans les Cantons-de-l'Est au Qu\u00e9bec. Il informe et guide les visiteurs sur les attraits, h\u00e9bergements, restaurants, activit\u00e9s de plein air et \u00e9v\u00e9nements de la r\u00e9gion de Bromont.\",\"numberOfEmployees\":{\"@type\":\"QuantitativeValue\",\"minValue\":\"1\",\"maxValue\":\"10\"},\"telephone\":[],\"openingHoursSpecification\":[{\"@type\":\"OpeningHoursSpecification\",\"dayOfWeek\":[\"Monday\",\"Tuesday\",\"Wednesday\",\"Thursday\",\"Friday\",\"Saturday\",\"Sunday\"],\"opens\":\"09:00\",\"closes\":\"17:00\"}]},{\"@type\":\"ImageObject\",\"inLanguage\":\"en-US\",\"@id\":\"https:\\\/\\\/tourismebromont.com\\\/en\\\/contest-3-golf-courses\\\/#local-main-organization-logo\",\"url\":\"https:\\\/\\\/tourismebromont.com\\\/wp-content\\\/uploads\\\/2026\\\/04\\\/logo-tourisme-bromont-2021.svg\",\"contentUrl\":\"https:\\\/\\\/tourismebromont.com\\\/wp-content\\\/uploads\\\/2026\\\/04\\\/logo-tourisme-bromont-2021.svg\",\"width\":1676,\"height\":392,\"caption\":\"Tourisme Bromont\"}]}<\/script>\n<!-- \/ Yoast SEO Premium plugin. -->","yoast_head_json":{"title":"Contest \u2013 Bromont, Cantons-de-l'Est | Tourisme Bromont","robots":{"index":"index","follow":"follow","max-snippet":"max-snippet:-1","max-image-preview":"max-image-preview:large","max-video-preview":"max-video-preview:-1"},"canonical":"https:\/\/tourismebromont.com\/en\/contest-3-golf-courses\/","og_locale":"en_US","og_type":"article","og_title":"Contest","og_description":"Try your luck and win a golf trip for 2 in Bromont! &#x26f3;&#xfe0f; 3 internationally renowned golf courses : Parcours du Vieux Village, Golf Royal Bromont, Golf Ch\u00e2teau-Bromont &#x1f3e0; 2 nights at the Ch\u00e2teau-Bromont hotel &#x1f37d;&#xfe0f; 1 three-course dinner at the 4 Canards restaurant, Ch\u00e2teau-Bromont &#x1f37d;&#xfe0f; 1 three-course dinner at Le Cellier du Roi restaurant, [&hellip;]","og_url":"https:\/\/tourismebromont.com\/en\/contest-3-golf-courses\/","og_site_name":"Tourisme Bromont","article_publisher":"https:\/\/www.facebook.com\/tourismebromont\/","article_modified_time":"2023-03-13T15:13:28+00:00","og_image":[{"width":700,"height":534,"url":"https:\/\/tourismebromont.com\/wp-content\/uploads\/2023\/02\/Bromont_coucours_golf_700x534_EN.png","type":"image\/png"}],"twitter_card":"summary_large_image","schema":{"@context":"https:\/\/schema.org","@graph":[{"@type":"WebPage","@id":"https:\/\/tourismebromont.com\/en\/contest-3-golf-courses\/","url":"https:\/\/tourismebromont.com\/en\/contest-3-golf-courses\/","name":"Contest \u2013 Bromont, Cantons-de-l'Est | Tourisme Bromont","isPartOf":{"@id":"https:\/\/tourismebromont.com\/#website"},"primaryImageOfPage":{"@id":"https:\/\/tourismebromont.com\/en\/contest-3-golf-courses\/#primaryimage"},"image":{"@id":"https:\/\/tourismebromont.com\/en\/contest-3-golf-courses\/#primaryimage"},"thumbnailUrl":"https:\/\/tourismebromont.com\/wp-content\/uploads\/2023\/02\/Bromont_coucours_golf_700x534_EN.png","datePublished":"2023-02-14T16:22:09+00:00","dateModified":"2023-03-13T15:13:28+00:00","breadcrumb":{"@id":"https:\/\/tourismebromont.com\/en\/contest-3-golf-courses\/#breadcrumb"},"inLanguage":"en-US","potentialAction":[{"@type":"ReadAction","target":["https:\/\/tourismebromont.com\/en\/contest-3-golf-courses\/"]}]},{"@type":"ImageObject","inLanguage":"en-US","@id":"https:\/\/tourismebromont.com\/en\/contest-3-golf-courses\/#primaryimage","url":"https:\/\/tourismebromont.com\/wp-content\/uploads\/2023\/02\/Bromont_coucours_golf_700x534_EN.png","contentUrl":"https:\/\/tourismebromont.com\/wp-content\/uploads\/2023\/02\/Bromont_coucours_golf_700x534_EN.png","width":700,"height":534},{"@type":"BreadcrumbList","@id":"https:\/\/tourismebromont.com\/en\/contest-3-golf-courses\/#breadcrumb","itemListElement":[{"@type":"ListItem","position":1,"name":"Accueil","item":"https:\/\/tourismebromont.com\/en\/"},{"@type":"ListItem","position":2,"name":"Contest"}]},{"@type":"WebSite","@id":"https:\/\/tourismebromont.com\/#website","url":"https:\/\/tourismebromont.com\/","name":"Tourisme Bromont","description":"Simplement d\u00e9paysant !","publisher":{"@id":"https:\/\/tourismebromont.com\/#organization"},"potentialAction":[{"@type":"SearchAction","target":{"@type":"EntryPoint","urlTemplate":"https:\/\/tourismebromont.com\/?s={search_term_string}"},"query-input":{"@type":"PropertyValueSpecification","valueRequired":true,"valueName":"search_term_string"}}],"inLanguage":"en-US"},{"@type":["Organization","Place"],"@id":"https:\/\/tourismebromont.com\/#organization","name":"Tourisme Bromont","url":"https:\/\/tourismebromont.com\/","logo":{"@id":"https:\/\/tourismebromont.com\/en\/contest-3-golf-courses\/#local-main-organization-logo"},"image":{"@id":"https:\/\/tourismebromont.com\/en\/contest-3-golf-courses\/#local-main-organization-logo"},"sameAs":["https:\/\/www.facebook.com\/tourismebromont\/","https:\/\/www.youtube.com\/channel\/UC4arY7uaW-gyOHQNgAJ6UEg","https:\/\/www.linkedin.com\/company\/tourisme-bromont","https:\/\/www.pinterest.ca\/tourismebromont\/","https:\/\/www.instagram.com\/tourismebromont\/"],"description":"Tourisme Bromont est l'office de tourisme officiel de la ville de Bromont, dans les Cantons-de-l'Est au Qu\u00e9bec. Il informe et guide les visiteurs sur les attraits, h\u00e9bergements, restaurants, activit\u00e9s de plein air et \u00e9v\u00e9nements de la r\u00e9gion de Bromont.","numberOfEmployees":{"@type":"QuantitativeValue","minValue":"1","maxValue":"10"},"telephone":[],"openingHoursSpecification":[{"@type":"OpeningHoursSpecification","dayOfWeek":["Monday","Tuesday","Wednesday","Thursday","Friday","Saturday","Sunday"],"opens":"09:00","closes":"17:00"}]},{"@type":"ImageObject","inLanguage":"en-US","@id":"https:\/\/tourismebromont.com\/en\/contest-3-golf-courses\/#local-main-organization-logo","url":"https:\/\/tourismebromont.com\/wp-content\/uploads\/2026\/04\/logo-tourisme-bromont-2021.svg","contentUrl":"https:\/\/tourismebromont.com\/wp-content\/uploads\/2026\/04\/logo-tourisme-bromont-2021.svg","width":1676,"height":392,"caption":"Tourisme Bromont"}]}},"post_mailing_queue_ids":[],"_links":{"self":[{"href":"https:\/\/tourismebromont.com\/en\/wp-json\/wp\/v2\/pages\/28553","targetHints":{"allow":["GET"]}}],"collection":[{"href":"https:\/\/tourismebromont.com\/en\/wp-json\/wp\/v2\/pages"}],"about":[{"href":"https:\/\/tourismebromont.com\/en\/wp-json\/wp\/v2\/types\/page"}],"author":[{"embeddable":true,"href":"https:\/\/tourismebromont.com\/en\/wp-json\/wp\/v2\/users\/5"}],"replies":[{"embeddable":true,"href":"https:\/\/tourismebromont.com\/en\/wp-json\/wp\/v2\/comments?post=28553"}],"version-history":[{"count":0,"href":"https:\/\/tourismebromont.com\/en\/wp-json\/wp\/v2\/pages\/28553\/revisions"}],"wp:featuredmedia":[{"embeddable":true,"href":"https:\/\/tourismebromont.com\/en\/wp-json\/wp\/v2\/media\/28568"}],"wp:attachment":[{"href":"https:\/\/tourismebromont.com\/en\/wp-json\/wp\/v2\/media?parent=28553"}],"curies":[{"name":"wp","href":"https:\/\/api.w.org\/{rel}","templated":true}]}}